{"id":138,"date":"2020-08-11T11:05:49","date_gmt":"2020-08-11T09:05:49","guid":{"rendered":"https:\/\/brasilcapoeira.com\/bern\/?page_id=138"},"modified":"2025-06-26T10:27:26","modified_gmt":"2025-06-26T08:27:26","slug":"events","status":"publish","type":"page","link":"https:\/\/brasilcapoeira.com\/bern\/events\/","title":{"rendered":"Events"},"content":{"rendered":"\r\n<p>An den Events k\u00f6nnen Kinder und Erwachsene von Kursen mit Mestres (Capoeirameister) aus verschiedenen L\u00e4ndern profitieren und sich mit anderen Mitgliedern der Brasil Capoeira Schule austauschen, welche von Bern, Basel, Biel, D\u00fcdingen, Thun und Murten kommen. Sch\u00fcler und Sch\u00fclerinnen von anderen Gruppen sind auch herzlich eingeladen, die Kurse zu besuchen.<\/p>\r\n\r\n\r\n\r\n<p>Die Brasil Capoeira Schule Bern organisiert j\u00e4hrlich bis zu zwei Festivals mit <em>Batizado &amp; Troca de Cordas<\/em> und vielz\u00e4hlige Workshops, sowie kleinere Events wie Osterevent, Caxixiworkshop, Berimbauworkshop etc. Die n\u00e4chsten Daten findest du rechts in der Infospalte.<br \/>Unsere Filialen in Basel und Biel\/Bienne organisieren ebenfalls Workshops und grosse Anl\u00e4sse. Um mehr Erfahrung zu gewinnen und um die Integration in die Gruppe zu f\u00f6rdern, wird empfohlen, an diesen Anl\u00e4ssen teilzunehemen.<br \/>Der Besuch von Events anderer Gruppen \/ Capoeira Schulen wird ebenfalls empfohlen, sie helfen der Entwicklung des Praktizierenden. Bespreche deinen Besuch bei einer fremden Gruppe vorg\u00e4ngig mit deinem Trainer.<\/p>\r\n\r\n\r\n\r\n<figure class=\"wp-block-image size-large\"><img loading=\"lazy\" decoding=\"async\" class=\"alignnone wp-image-816\" src=\"https:\/\/brasilcapoeira.com\/bern\/wp-content\/uploads\/sites\/2\/2024\/02\/group-300x131.jpg\" alt=\"\" width=\"899\" height=\"392\" srcset=\"https:\/\/brasilcapoeira.com\/bern\/wp-content\/uploads\/sites\/2\/2024\/02\/group-300x131.jpg 300w, https:\/\/brasilcapoeira.com\/bern\/wp-content\/uploads\/sites\/2\/2024\/02\/group-1024x447.jpg 1024w, https:\/\/brasilcapoeira.com\/bern\/wp-content\/uploads\/sites\/2\/2024\/02\/group-768x335.jpg 768w, https:\/\/brasilcapoeira.com\/bern\/wp-content\/uploads\/sites\/2\/2024\/02\/group-1536x670.jpg 1536w, https:\/\/brasilcapoeira.com\/bern\/wp-content\/uploads\/sites\/2\/2024\/02\/group-2048x894.jpg 2048w\" sizes=\"auto, (max-width: 899px) 100vw, 899px\" \/>\r\n<figcaption>38. Capoeira Festival der Brasil Capoeira Schule in Bern<\/figcaption>\r\n<\/figure>\r\n\r\n\r\n\r\n<h3 class=\"wp-block-heading\">Rodas der Brasil Capoeira Schule<\/h3>\r\n<p><strong>Monatsroda Bern:<\/strong> Die Monatsroda findet jeweils am ersten Dienstag des Monats um 18:30 Uhr statt. Academia: Gesellschaftsstr. 38, 3012 Bern<\/p>\r\n<p><strong>Monatsroda Biel:<\/strong> Die Monatsroda findet alternierend am dritten Dienstag oder Donnerstag des Monats um 19:20 Uhr statt. Movido: Ernst Sch\u00fclerstr. 66, 2502 Biel\/Bienne<\/p>\r\n<p>&nbsp;<\/p>\r\n\r\n\r\n\r\n<h3 class=\"wp-block-heading\">Begriffserl\u00e4uterung<\/h3>\r\n\r\n\r\n\r\n<p><em>Roda<\/em> (portugiesisch f\u00fcr Kreis) wird der Spielkreis genannt, in welchem zwei Capoeiristas miteinander spielen. An den Rodas unserer Schule sind alle Kinder und Erwachsene willkommen.<\/p>\r\n\r\n\r\n\r\n<p><em>Batizado<\/em> (portugiesisch f\u00fcr Taufe) wird in der Capoeira die Verleihung des ersten Gurtes genannt und die Aufnahme in die Welt der Capoeiristas.<\/p>\r\n\r\n\r\n\r\n<p><em>Troca de Cordas<\/em> (portugiesisch f\u00fcr Gurtwechsel) nennt man das Wechseln des Gurtes vom zweiten bis zum letzten Gurt.<\/p>\r\n\r\n\r\n\r\n<p><em>Formatura<\/em> (portugiesisch f\u00fcr Abschluss) wird die Verleihung des Titels \u201cProfessor\u201d oder \u201cMestre\u201d genannt.<\/p>\r\n\r\n\r\n\r\n<p><em>Jogos<\/em> (portugiesisch f\u00fcr Spiele). Bei den Jogos zeigen die Capoeiristas vor einer Jury ihr bestes k\u00f6nnen im Spiel. Dabei wird auf die Technik des Spielers, die Harmonie zwischen den beiden Spielern und die Abgestimmtheit des Spiels auf den Rhythmus geachtet.<\/p>\r\n","protected":false},"excerpt":{"rendered":"<p>An den Events k\u00f6nnen Kinder und Erwachsene von Kursen mit Mestres (Capoeirameister) aus verschiedenen L\u00e4ndern profitieren und sich mit anderen Mitgliedern der Brasil Capoeira Schule austauschen, welche von Bern, Basel, Biel, D\u00fcdingen, Thun und Murten kommen. Sch\u00fcler und Sch\u00fclerinnen von anderen Gruppen sind auch herzlich eingeladen, die Kurse zu besuchen. Die Brasil Capoeira Schule Bern [&hellip;]<\/p>\n","protected":false},"author":1,"featured_media":0,"parent":0,"menu_order":0,"comment_status":"closed","ping_status":"closed","template":"","meta":{"footnotes":""},"class_list":["post-138","page","type-page","status-publish","hentry"],"_links":{"self":[{"href":"https:\/\/brasilcapoeira.com\/bern\/wp-json\/wp\/v2\/pages\/138","targetHints":{"allow":["GET"]}}],"collection":[{"href":"https:\/\/brasilcapoeira.com\/bern\/wp-json\/wp\/v2\/pages"}],"about":[{"href":"https:\/\/brasilcapoeira.com\/bern\/wp-json\/wp\/v2\/types\/page"}],"author":[{"embeddable":true,"href":"https:\/\/brasilcapoeira.com\/bern\/wp-json\/wp\/v2\/users\/1"}],"replies":[{"embeddable":true,"href":"https:\/\/brasilcapoeira.com\/bern\/wp-json\/wp\/v2\/comments?post=138"}],"version-history":[{"count":7,"href":"https:\/\/brasilcapoeira.com\/bern\/wp-json\/wp\/v2\/pages\/138\/revisions"}],"predecessor-version":[{"id":989,"href":"https:\/\/brasilcapoeira.com\/bern\/wp-json\/wp\/v2\/pages\/138\/revisions\/989"}],"wp:attachment":[{"href":"https:\/\/brasilcapoeira.com\/bern\/wp-json\/wp\/v2\/media?parent=138"}],"curies":[{"name":"wp","href":"https:\/\/api.w.org\/{rel}","templated":true}]}}