{"id":17,"date":"2020-04-01T21:15:32","date_gmt":"2020-04-01T19:15:32","guid":{"rendered":"https:\/\/brasilcapoeira.com\/bern\/?page_id=17"},"modified":"2025-06-26T10:30:52","modified_gmt":"2025-06-26T08:30:52","slug":"home","status":"publish","type":"page","link":"https:\/\/brasilcapoeira.com\/bern\/","title":{"rendered":"Home"},"content":{"rendered":"<h1 style=\"text-align: center;\">Willkommen bei<br \/>\nBrasil Capoeira Bern<\/h1>\n<p><img loading=\"lazy\" decoding=\"async\" class=\" wp-image-17 aligncenter\" src=\"https:\/\/brasilcapoeira.com\/wp-content\/uploads\/2020\/03\/Logo-Matias-neu.png\" alt=\"\" width=\"366\" height=\"201\" \/><\/p>\n<h1>Unsere Aktivit\u00e4ten<\/h1>\n<ul>\n<li><a href=\"https:\/\/brasilcapoeira.com\/bern\/kurse-in-bern\/\">W\u00f6chentliche Kurse in Bern<\/a><\/li>\n<li><a href=\"https:\/\/brasilcapoeira.com\/bern\/events\/\">Grosse halbj\u00e4hrliche Capoeira Events in Bern mit Workshops und Gurtwechsel<\/a><\/li>\n<li><a href=\"https:\/\/brasilcapoeira.com\/bern\/workshops-shows\/\">Capoeira Workshops f\u00fcr Schulen, Firmen und \u00e4hnliche Institutionen<\/a><\/li>\n<li><a href=\"https:\/\/brasilcapoeira.com\/bern\/workshops-shows\/\">Capoeira Shows f\u00fcr grosse und kleine Anl\u00e4sse<\/a><\/li>\n<li>Reisen in Europa an Capoeira Events<\/li>\n<li>Kulturreisen \/-austausch nach Brasilien<\/li>\n<\/ul>\n<p><img loading=\"lazy\" decoding=\"async\" class=\"aligncenter wp-image-128 size-large\" src=\"https:\/\/brasilcapoeira.com\/wp-content\/uploads\/2020\/04\/20190623-d72_5478_48128549643_o.jpg\" alt=\"\" width=\"640\" height=\"278\" \/><\/p>\n<h1>Unsere Angebote<\/h1>\n<p>Die Brasil Capoeira Schule Bern bietet Kurse von Montag bis Samstag an, ab 2-j\u00e4hrig und bis 99+<\/p>\n<ul>\n<li>Capoeira Mascotinhos (4-9 j\u00e4hrige)<\/li>\n<li>Capoeira Jugendliche (10-16 j\u00e4hrige)<\/li>\n<li>Capoeira Erwachsene<\/li>\n<li>Capoeira Familia (Kinder ab 4 Jahren und Erwachsene)<\/li>\n<li>Capoterapia (Capoeira +65)<\/li>\n<li>Capoeira-Musik Kurse (Berimbau, Atabaque, Pandeiro)<\/li>\n<li>Brazilian Percussion<\/li>\n<li>Privatkurse<\/li>\n<\/ul>\n","protected":false},"excerpt":{"rendered":"<p>Willkommen bei Brasil Capoeira Bern Unsere Aktivit\u00e4ten W\u00f6chentliche Kurse in Bern Grosse halbj\u00e4hrliche Capoeira Events in Bern mit Workshops und Gurtwechsel Capoeira Workshops f\u00fcr Schulen, Firmen und \u00e4hnliche Institutionen Capoeira Shows f\u00fcr grosse und kleine Anl\u00e4sse Reisen in Europa an Capoeira Events Kulturreisen \/-austausch nach Brasilien Unsere Angebote Die Brasil Capoeira Schule Bern bietet Kurse [&hellip;]<\/p>\n","protected":false},"author":1,"featured_media":0,"parent":0,"menu_order":0,"comment_status":"closed","ping_status":"closed","template":"","meta":{"footnotes":""},"class_list":["post-17","page","type-page","status-publish","hentry"],"_links":{"self":[{"href":"https:\/\/brasilcapoeira.com\/bern\/wp-json\/wp\/v2\/pages\/17","targetHints":{"allow":["GET"]}}],"collection":[{"href":"https:\/\/brasilcapoeira.com\/bern\/wp-json\/wp\/v2\/pages"}],"about":[{"href":"https:\/\/brasilcapoeira.com\/bern\/wp-json\/wp\/v2\/types\/page"}],"author":[{"embeddable":true,"href":"https:\/\/brasilcapoeira.com\/bern\/wp-json\/wp\/v2\/users\/1"}],"replies":[{"embeddable":true,"href":"https:\/\/brasilcapoeira.com\/bern\/wp-json\/wp\/v2\/comments?post=17"}],"version-history":[{"count":6,"href":"https:\/\/brasilcapoeira.com\/bern\/wp-json\/wp\/v2\/pages\/17\/revisions"}],"predecessor-version":[{"id":991,"href":"https:\/\/brasilcapoeira.com\/bern\/wp-json\/wp\/v2\/pages\/17\/revisions\/991"}],"wp:attachment":[{"href":"https:\/\/brasilcapoeira.com\/bern\/wp-json\/wp\/v2\/media?parent=17"}],"curies":[{"name":"wp","href":"https:\/\/api.w.org\/{rel}","templated":true}]}}