{"id":183,"date":"2021-01-11T12:17:59","date_gmt":"2021-01-11T11:17:59","guid":{"rendered":"https:\/\/brasilcapoeira.com\/bern\/?page_id=183"},"modified":"2025-03-11T08:14:58","modified_gmt":"2025-03-11T07:14:58","slug":"anmeldung-agb","status":"publish","type":"page","link":"https:\/\/brasilcapoeira.com\/bern\/kurse-in-bern\/anmeldung-agb\/","title":{"rendered":"Anmeldung &#038; AGB"},"content":{"rendered":"\r\n<p>Die Anmeldung zu den Kursen ist erst nach dem Probetraining m\u00f6glich.<br \/>Bitte melde dich zuerst per Telefon, Mail oder Kontaktformular zu einem Probetraining an.<\/p>\r\n<p>Das Anmeldungsformular f\u00fcr regul\u00e4re Kurse kann auch vor Ort ausgef\u00fcllt werden.<\/p>\r\n\r\n\r\n\r\n<p><a href=\"https:\/\/brasilcapoeira.com\/bern\/wp-content\/uploads\/sites\/2\/2025\/03\/ANMELDUNG-DEUTSCH-2025.pdf\" target=\"_blank\" rel=\"noreferrer noopener\" aria-label=\"Anmeldungsformular (\u00f6ffnet in neuem Tab)\">Anmeldungsformular<\/a><br \/><br \/><a href=\"https:\/\/brasilcapoeira.com\/bern\/wp-content\/uploads\/sites\/2\/2021\/02\/Abo-Unterbruch.pdf\" target=\"_blank\" rel=\"noreferrer noopener\" aria-label=\"Abbruch eines Trainingsabonnement (\u00f6ffnet in neuem Tab)\">Abbruch eines Trainingsabonnement<\/a><br \/><br \/><a href=\"https:\/\/brasilcapoeira.com\/bern\/wp-content\/uploads\/sites\/2\/2021\/01\/Allgemeine-Gescha\u0308ftsbedingungen.pdf\" target=\"_blank\" rel=\"noreferrer noopener\" aria-label=\"AGB (\u00f6ffnet in neuem Tab)\">AGB<\/a><\/p>\r\n","protected":false},"excerpt":{"rendered":"<p>Die Anmeldung zu den Kursen ist erst nach dem Probetraining m\u00f6glich.Bitte melde dich zuerst per Telefon, Mail oder Kontaktformular zu einem Probetraining an. Das Anmeldungsformular f\u00fcr regul\u00e4re Kurse kann auch vor Ort ausgef\u00fcllt werden. Anmeldungsformular Abbruch eines Trainingsabonnement AGB<\/p>\n","protected":false},"author":1,"featured_media":0,"parent":39,"menu_order":0,"comment_status":"closed","ping_status":"closed","template":"","meta":{"footnotes":""},"class_list":["post-183","page","type-page","status-publish","hentry"],"_links":{"self":[{"href":"https:\/\/brasilcapoeira.com\/bern\/wp-json\/wp\/v2\/pages\/183","targetHints":{"allow":["GET"]}}],"collection":[{"href":"https:\/\/brasilcapoeira.com\/bern\/wp-json\/wp\/v2\/pages"}],"about":[{"href":"https:\/\/brasilcapoeira.com\/bern\/wp-json\/wp\/v2\/types\/page"}],"author":[{"embeddable":true,"href":"https:\/\/brasilcapoeira.com\/bern\/wp-json\/wp\/v2\/users\/1"}],"replies":[{"embeddable":true,"href":"https:\/\/brasilcapoeira.com\/bern\/wp-json\/wp\/v2\/comments?post=183"}],"version-history":[{"count":9,"href":"https:\/\/brasilcapoeira.com\/bern\/wp-json\/wp\/v2\/pages\/183\/revisions"}],"predecessor-version":[{"id":934,"href":"https:\/\/brasilcapoeira.com\/bern\/wp-json\/wp\/v2\/pages\/183\/revisions\/934"}],"up":[{"embeddable":true,"href":"https:\/\/brasilcapoeira.com\/bern\/wp-json\/wp\/v2\/pages\/39"}],"wp:attachment":[{"href":"https:\/\/brasilcapoeira.com\/bern\/wp-json\/wp\/v2\/media?parent=183"}],"curies":[{"name":"wp","href":"https:\/\/api.w.org\/{rel}","templated":true}]}}