{"id":30,"date":"2020-04-11T20:03:15","date_gmt":"2020-04-11T18:03:15","guid":{"rendered":"https:\/\/brasilcapoeira.com\/bern\/?page_id=30"},"modified":"2020-04-11T20:03:16","modified_gmt":"2020-04-11T18:03:16","slug":"brasil-capoeira-schule","status":"publish","type":"page","link":"https:\/\/brasilcapoeira.com\/bern\/brasil-capoeira-schule\/","title":{"rendered":"Brasil Capoeira Schule"},"content":{"rendered":"\n<h1 class=\"wp-block-heading\">Capoeira<\/h1>\n\n\n\n<div class=\"wp-block-image\"><figure class=\"alignright size-large is-resized\"><img loading=\"lazy\" decoding=\"async\" src=\"https:\/\/brasilcapoeira.com\/bern\/wp-content\/uploads\/sites\/2\/2020\/04\/20190623-d72_5414_48128500071_o.jpg\" alt=\"\" class=\"wp-image-31\" width=\"315\" height=\"210\" srcset=\"https:\/\/brasilcapoeira.com\/bern\/wp-content\/uploads\/sites\/2\/2020\/04\/20190623-d72_5414_48128500071_o.jpg 350w, https:\/\/brasilcapoeira.com\/bern\/wp-content\/uploads\/sites\/2\/2020\/04\/20190623-d72_5414_48128500071_o-300x200.jpg 300w\" sizes=\"auto, (max-width: 315px) 100vw, 315px\" \/><\/figure><\/div>\n\n\n\n<p>Capoeira entstand in der Zeit der Sklaverei in Brasilien.<br>Den Sklaven war es untersagt eine Kampfkunst auszu\u00fcben, da es ihren Widerstand gegen die Aufseher und Sklavenj\u00e4ger (Capit\u00e3o do mato) verst\u00e4rken w\u00fcrde. Aus diesem Grund tarnten die Sklaven ihre Kampfpraktiken hinter Musik und Tanz. Zusammen mit der im Urwald gewonnenen Lebens- und \u00dcberlebensphilosophie entstand daraus die Capoeira.<br>Allerdings wurde auch die Aus\u00fcbung des Tanz des Krieges, wie Capoeira auch genannt wurde, per Gesetz verboten.<br>Erst in den 1930er Jahren, 40 Jahre nach der Abschaffung der Sklaverei (1888), wurde Capoeira legalisiert.<\/p>\n\n\n\n<p>Heutzutage ist Capoeira auf der ganzen Welt verbreitet und erntet durch ihre Einzigartigkeit von Kampf mit Akrobatik und Musik viel Bewunderung und Anerkennung. 2014 wurde Capoeira von der UNESCO zu offiziellem Kulturerbe Brasiliens erkl\u00e4rt.<\/p>\n\n\n\n<h3 class=\"wp-block-heading\">Brasil Capoeira Schule<\/h3>\n\n\n\n<p>Am 12. Mai 1985 gr\u00fcndete Mestre Matias die Asso\u00e7ia\u00e7\u00e3o Brasil Capoeira in Curvelo, Minas Gerais, Brasilien. Vier Jahre sp\u00e4ter, als Mestre Matias sich in der Schweiz niederliess, entstand daraus die Brasil Capoeira Schule.<br>Noch heute f\u00fchrt Mestre Matias die Brasil Capoeira Schule von Bern aus, wo sich der Hauptsitz der Schule befindet. Die von Mestre Matias ausgebildeten Lehrer und Lehrerinnen er\u00f6ffneten im Laufe der Zeit Filialen in Europa und Brasilien. Momentan ist die Brasil Capoeira Schule in Bern, Basel, Biel\/Bienne, B\u00fcmpliz, Berlin (DE), Curvelo (BR), D\u00fcdingen, Inimutaba (BR), Lyon (FR), Murten und Thun anzutreffen (Stand M\u00e4rz 2020).<\/p>\n\n\n\n<p>Erfahre mehr \u00fcber <a href=\"https:\/\/brasilcapoeira.com\/bern\/mestre-matias\/\">Mestre Matia<\/a><a href=\"https:\/\/brasilcapoeira-biel.com\/de\/brasilcapoeira\/mineiro\/\">s<\/a>\u2026 Unseren Unterricht\u2026 Unser Gurtsystem\u2026<\/p>\n","protected":false},"excerpt":{"rendered":"<p>Capoeira Capoeira entstand in der Zeit der Sklaverei in Brasilien.Den Sklaven war es untersagt eine Kampfkunst auszu\u00fcben, da es ihren Widerstand gegen die Aufseher und Sklavenj\u00e4ger (Capit\u00e3o do mato) verst\u00e4rken w\u00fcrde. Aus diesem Grund tarnten die Sklaven ihre Kampfpraktiken hinter Musik und Tanz. Zusammen mit der im Urwald gewonnenen Lebens- und \u00dcberlebensphilosophie entstand daraus die [&hellip;]<\/p>\n","protected":false},"author":1,"featured_media":0,"parent":0,"menu_order":0,"comment_status":"closed","ping_status":"closed","template":"","meta":{"footnotes":""},"class_list":["post-30","page","type-page","status-publish","hentry"],"_links":{"self":[{"href":"https:\/\/brasilcapoeira.com\/bern\/wp-json\/wp\/v2\/pages\/30","targetHints":{"allow":["GET"]}}],"collection":[{"href":"https:\/\/brasilcapoeira.com\/bern\/wp-json\/wp\/v2\/pages"}],"about":[{"href":"https:\/\/brasilcapoeira.com\/bern\/wp-json\/wp\/v2\/types\/page"}],"author":[{"embeddable":true,"href":"https:\/\/brasilcapoeira.com\/bern\/wp-json\/wp\/v2\/users\/1"}],"replies":[{"embeddable":true,"href":"https:\/\/brasilcapoeira.com\/bern\/wp-json\/wp\/v2\/comments?post=30"}],"version-history":[{"count":1,"href":"https:\/\/brasilcapoeira.com\/bern\/wp-json\/wp\/v2\/pages\/30\/revisions"}],"predecessor-version":[{"id":32,"href":"https:\/\/brasilcapoeira.com\/bern\/wp-json\/wp\/v2\/pages\/30\/revisions\/32"}],"wp:attachment":[{"href":"https:\/\/brasilcapoeira.com\/bern\/wp-json\/wp\/v2\/media?parent=30"}],"curies":[{"name":"wp","href":"https:\/\/api.w.org\/{rel}","templated":true}]}}