{"id":43,"date":"2020-04-12T21:30:06","date_gmt":"2020-04-12T19:30:06","guid":{"rendered":"https:\/\/brasilcapoeira.com\/bern\/?page_id=43"},"modified":"2024-02-13T09:29:49","modified_gmt":"2024-02-13T08:29:49","slug":"workshops-shows","status":"publish","type":"page","link":"https:\/\/brasilcapoeira.com\/bern\/workshops-shows\/","title":{"rendered":"Einf\u00fchrungskurse &#038; Shows"},"content":{"rendered":"\r\n<h3 class=\"wp-block-heading\">Einf\u00fchrungskurse<\/h3>\r\n\r\n\r\n\r\n<p>Die Brasil Capoeira Schule f\u00fchrt Workshops zu den Themen Capoeira; Afro-brasilianische Kultur &amp; Musik; Teambuilding; Akrobatik; und Selbstverteidigung durch und das in Schulen, Firmen und an privaten Anl\u00e4ssen in der ganzen Schweiz. Dabei sind auch mehrt\u00e4tige Workshops in ihrem oder unserem Lokal m\u00f6glich.<br \/>Unsere Workshops beinhalten die Grundlagen der Capoeira sowohl im Bewegungsbereich als auch im musikalischen Bereich, viel Spass in der Gruppe und sozialer Austausch. (Nach Absprache ist auch ein anderer Fokus m\u00f6glich, Beispiele oben).<br \/>Buchen Sie jetzt einen Workshop f\u00fcr Ihren Anlass und bringen Sie andere Menschen mit dieser Zauberhaften Kunst in Ber\u00fchrung.<\/p>\r\n\r\n\r\n\r\n<div class=\"wp-block-image\">\r\n<figure class=\"aligncenter size-large is-resized\"><img loading=\"lazy\" decoding=\"async\" class=\"wp-image-44\" src=\"https:\/\/brasilcapoeira.com\/bern\/wp-content\/uploads\/sites\/2\/2020\/04\/show-1024x741.jpg\" alt=\"\" width=\"393\" height=\"284\" srcset=\"https:\/\/brasilcapoeira.com\/bern\/wp-content\/uploads\/sites\/2\/2020\/04\/show-1024x741.jpg 1024w, https:\/\/brasilcapoeira.com\/bern\/wp-content\/uploads\/sites\/2\/2020\/04\/show-300x217.jpg 300w, https:\/\/brasilcapoeira.com\/bern\/wp-content\/uploads\/sites\/2\/2020\/04\/show-768x556.jpg 768w, https:\/\/brasilcapoeira.com\/bern\/wp-content\/uploads\/sites\/2\/2020\/04\/show.jpg 1395w\" sizes=\"auto, (max-width: 393px) 100vw, 393px\" \/><\/figure>\r\n<\/div>\r\n\r\n\r\n\r\n<h3 class=\"wp-block-heading\">Shows<\/h3>\r\n\r\n\r\n\r\n<p>Shows bieten wir in verschiedenen Formaten an, wie zum Beispiel: Shows mit gemischter Gruppe von Artisten f\u00fcr kleinere Anl\u00e4sse wie ein Quartiersfest, eine Geburtstagsfeier oder Vereinsveranstaltungen. <br \/>F\u00fcr Hochzeiten, Partys oder andere Grossanl\u00e4sse bieten Semi-Professionelle Shows f\u00fcr eine h\u00f6here Anzahl von professionellen Artisten; und professionelle Shows, ausschliesslich mit Top-Artisten an.<br \/>Alle Shows bieten einen unvergesslichen Moment f\u00fcr ihren Anlass und sind Eye-Catcher f\u00fcr Musik-, Tanz-, Akrobatik- und Kampfkunstliebhaber!<br \/>Buchen Sie jetzt eine Show f\u00fcr Ihren Anlass und kommen Sie in den Genuss unseres Spekatkels!<\/p>\r\n\r\n\r\n\r\n<div class=\"wp-block-spacer\" style=\"height: 50px;\" aria-hidden=\"true\">\u00a0<\/div>\r\n\r\n\r\n\r\n<p>Kontakt:<\/p>\r\n\r\n\r\n\r\n<p>Mestre Matias<br \/>Tel. 079 330 18 17<br \/><a href=\"mailto: mestrematias@hotmail.com\">E-Mail:<\/a> mestrematias@hotmail.com<\/p>\r\n\r\n\r\n\r\n<figure class=\"wp-block-gallery columns-2 is-cropped wp-block-gallery-1 is-layout-flex wp-block-gallery-is-layout-flex\">\r\n<ul class=\"blocks-gallery-grid\">\r\n<li class=\"blocks-gallery-item\">\r\n<figure><img loading=\"lazy\" decoding=\"async\" width=\"640\" height=\"741\" class=\"wp-image-46\" src=\"https:\/\/brasilcapoeira.com\/bern\/wp-content\/uploads\/sites\/2\/2020\/04\/IMG-20180707-WA0005.jpg\" alt=\"\" data-id=\"46\" data-full-url=\"https:\/\/brasilcapoeira.com\/bern\/wp-content\/uploads\/sites\/2\/2020\/04\/IMG-20180707-WA0005.jpg\" data-link=\"https:\/\/brasilcapoeira.com\/bern\/?attachment_id=46\" srcset=\"https:\/\/brasilcapoeira.com\/bern\/wp-content\/uploads\/sites\/2\/2020\/04\/IMG-20180707-WA0005.jpg 640w, https:\/\/brasilcapoeira.com\/bern\/wp-content\/uploads\/sites\/2\/2020\/04\/IMG-20180707-WA0005-259x300.jpg 259w\" sizes=\"auto, (max-width: 640px) 100vw, 640px\" \/><\/figure>\r\n<\/li>\r\n<li class=\"blocks-gallery-item\">\r\n<figure><img loading=\"lazy\" decoding=\"async\" width=\"1024\" height=\"768\" class=\"wp-image-48\" src=\"https:\/\/brasilcapoeira.com\/bern\/wp-content\/uploads\/sites\/2\/2020\/04\/IMG-20180909-WA0026-1024x768.jpg\" alt=\"\" data-id=\"48\" data-full-url=\"https:\/\/brasilcapoeira.com\/bern\/wp-content\/uploads\/sites\/2\/2020\/04\/IMG-20180909-WA0026.jpg\" data-link=\"https:\/\/brasilcapoeira.com\/bern\/?attachment_id=48\" srcset=\"https:\/\/brasilcapoeira.com\/bern\/wp-content\/uploads\/sites\/2\/2020\/04\/IMG-20180909-WA0026-1024x768.jpg 1024w, https:\/\/brasilcapoeira.com\/bern\/wp-content\/uploads\/sites\/2\/2020\/04\/IMG-20180909-WA0026-300x225.jpg 300w, https:\/\/brasilcapoeira.com\/bern\/wp-content\/uploads\/sites\/2\/2020\/04\/IMG-20180909-WA0026-768x576.jpg 768w, https:\/\/brasilcapoeira.com\/bern\/wp-content\/uploads\/sites\/2\/2020\/04\/IMG-20180909-WA0026-1536x1152.jpg 1536w, https:\/\/brasilcapoeira.com\/bern\/wp-content\/uploads\/sites\/2\/2020\/04\/IMG-20180909-WA0026.jpg 1600w\" sizes=\"auto, (max-width: 1024px) 100vw, 1024px\" \/><\/figure>\r\n<\/li>\r\n<li class=\"blocks-gallery-item\">\r\n<figure><img loading=\"lazy\" decoding=\"async\" width=\"1024\" height=\"768\" class=\"wp-image-47\" src=\"https:\/\/brasilcapoeira.com\/bern\/wp-content\/uploads\/sites\/2\/2020\/04\/IMG-20180711-WA0004-1024x768.jpg\" alt=\"\" data-id=\"47\" data-full-url=\"https:\/\/brasilcapoeira.com\/bern\/wp-content\/uploads\/sites\/2\/2020\/04\/IMG-20180711-WA0004.jpg\" data-link=\"https:\/\/brasilcapoeira.com\/bern\/?attachment_id=47\" srcset=\"https:\/\/brasilcapoeira.com\/bern\/wp-content\/uploads\/sites\/2\/2020\/04\/IMG-20180711-WA0004-1024x768.jpg 1024w, https:\/\/brasilcapoeira.com\/bern\/wp-content\/uploads\/sites\/2\/2020\/04\/IMG-20180711-WA0004-300x225.jpg 300w, https:\/\/brasilcapoeira.com\/bern\/wp-content\/uploads\/sites\/2\/2020\/04\/IMG-20180711-WA0004-768x576.jpg 768w, https:\/\/brasilcapoeira.com\/bern\/wp-content\/uploads\/sites\/2\/2020\/04\/IMG-20180711-WA0004-1536x1152.jpg 1536w, https:\/\/brasilcapoeira.com\/bern\/wp-content\/uploads\/sites\/2\/2020\/04\/IMG-20180711-WA0004.jpg 1600w\" sizes=\"auto, (max-width: 1024px) 100vw, 1024px\" \/><\/figure>\r\n<\/li>\r\n<li class=\"blocks-gallery-item\">\r\n<figure><img loading=\"lazy\" decoding=\"async\" width=\"1024\" height=\"682\" class=\"wp-image-45\" src=\"https:\/\/brasilcapoeira.com\/bern\/wp-content\/uploads\/sites\/2\/2020\/04\/18050_6053-1024x682.jpg\" alt=\"\" data-id=\"45\" data-full-url=\"https:\/\/brasilcapoeira.com\/bern\/wp-content\/uploads\/sites\/2\/2020\/04\/18050_6053-scaled.jpg\" data-link=\"https:\/\/brasilcapoeira.com\/bern\/?attachment_id=45\" srcset=\"https:\/\/brasilcapoeira.com\/bern\/wp-content\/uploads\/sites\/2\/2020\/04\/18050_6053-1024x682.jpg 1024w, https:\/\/brasilcapoeira.com\/bern\/wp-content\/uploads\/sites\/2\/2020\/04\/18050_6053-300x200.jpg 300w, https:\/\/brasilcapoeira.com\/bern\/wp-content\/uploads\/sites\/2\/2020\/04\/18050_6053-768x511.jpg 768w, https:\/\/brasilcapoeira.com\/bern\/wp-content\/uploads\/sites\/2\/2020\/04\/18050_6053-1536x1022.jpg 1536w, https:\/\/brasilcapoeira.com\/bern\/wp-content\/uploads\/sites\/2\/2020\/04\/18050_6053-2048x1363.jpg 2048w\" sizes=\"auto, (max-width: 1024px) 100vw, 1024px\" \/><\/figure>\r\n<\/li>\r\n<li class=\"blocks-gallery-item\">\r\n<figure><img loading=\"lazy\" decoding=\"async\" width=\"960\" height=\"640\" class=\"wp-image-49\" src=\"https:\/\/brasilcapoeira.com\/bern\/wp-content\/uploads\/sites\/2\/2020\/04\/IMG-20190512-WA0011.jpg\" alt=\"\" data-id=\"49\" data-full-url=\"https:\/\/brasilcapoeira.com\/bern\/wp-content\/uploads\/sites\/2\/2020\/04\/IMG-20190512-WA0011.jpg\" data-link=\"https:\/\/brasilcapoeira.com\/bern\/?attachment_id=49\" srcset=\"https:\/\/brasilcapoeira.com\/bern\/wp-content\/uploads\/sites\/2\/2020\/04\/IMG-20190512-WA0011.jpg 960w, https:\/\/brasilcapoeira.com\/bern\/wp-content\/uploads\/sites\/2\/2020\/04\/IMG-20190512-WA0011-300x200.jpg 300w, https:\/\/brasilcapoeira.com\/bern\/wp-content\/uploads\/sites\/2\/2020\/04\/IMG-20190512-WA0011-768x512.jpg 768w\" sizes=\"auto, (max-width: 960px) 100vw, 960px\" \/><\/figure>\r\n<\/li>\r\n<li class=\"blocks-gallery-item\">\r\n<figure><img loading=\"lazy\" decoding=\"async\" width=\"1024\" height=\"768\" class=\"wp-image-50\" src=\"https:\/\/brasilcapoeira.com\/bern\/wp-content\/uploads\/sites\/2\/2020\/04\/IMG-20190727-WA0033-1024x768.jpg\" alt=\"\" data-id=\"50\" data-full-url=\"https:\/\/brasilcapoeira.com\/bern\/wp-content\/uploads\/sites\/2\/2020\/04\/IMG-20190727-WA0033.jpg\" data-link=\"https:\/\/brasilcapoeira.com\/bern\/?attachment_id=50\" srcset=\"https:\/\/brasilcapoeira.com\/bern\/wp-content\/uploads\/sites\/2\/2020\/04\/IMG-20190727-WA0033-1024x768.jpg 1024w, https:\/\/brasilcapoeira.com\/bern\/wp-content\/uploads\/sites\/2\/2020\/04\/IMG-20190727-WA0033-300x225.jpg 300w, https:\/\/brasilcapoeira.com\/bern\/wp-content\/uploads\/sites\/2\/2020\/04\/IMG-20190727-WA0033-768x576.jpg 768w, https:\/\/brasilcapoeira.com\/bern\/wp-content\/uploads\/sites\/2\/2020\/04\/IMG-20190727-WA0033-1536x1152.jpg 1536w, https:\/\/brasilcapoeira.com\/bern\/wp-content\/uploads\/sites\/2\/2020\/04\/IMG-20190727-WA0033.jpg 1920w\" sizes=\"auto, (max-width: 1024px) 100vw, 1024px\" \/><\/figure>\r\n<\/li>\r\n<\/ul>\r\n<\/figure>\r\n","protected":false},"excerpt":{"rendered":"<p>Einf\u00fchrungskurse Die Brasil Capoeira Schule f\u00fchrt Workshops zu den Themen Capoeira; Afro-brasilianische Kultur &amp; Musik; Teambuilding; Akrobatik; und Selbstverteidigung durch und das in Schulen, Firmen und an privaten Anl\u00e4ssen in der ganzen Schweiz. Dabei sind auch mehrt\u00e4tige Workshops in ihrem oder unserem Lokal m\u00f6glich.Unsere Workshops beinhalten die Grundlagen der Capoeira sowohl im Bewegungsbereich als auch [&hellip;]<\/p>\n","protected":false},"author":1,"featured_media":0,"parent":0,"menu_order":0,"comment_status":"closed","ping_status":"closed","template":"","meta":{"footnotes":""},"class_list":["post-43","page","type-page","status-publish","hentry"],"_links":{"self":[{"href":"https:\/\/brasilcapoeira.com\/bern\/wp-json\/wp\/v2\/pages\/43","targetHints":{"allow":["GET"]}}],"collection":[{"href":"https:\/\/brasilcapoeira.com\/bern\/wp-json\/wp\/v2\/pages"}],"about":[{"href":"https:\/\/brasilcapoeira.com\/bern\/wp-json\/wp\/v2\/types\/page"}],"author":[{"embeddable":true,"href":"https:\/\/brasilcapoeira.com\/bern\/wp-json\/wp\/v2\/users\/1"}],"replies":[{"embeddable":true,"href":"https:\/\/brasilcapoeira.com\/bern\/wp-json\/wp\/v2\/comments?post=43"}],"version-history":[{"count":5,"href":"https:\/\/brasilcapoeira.com\/bern\/wp-json\/wp\/v2\/pages\/43\/revisions"}],"predecessor-version":[{"id":812,"href":"https:\/\/brasilcapoeira.com\/bern\/wp-json\/wp\/v2\/pages\/43\/revisions\/812"}],"wp:attachment":[{"href":"https:\/\/brasilcapoeira.com\/bern\/wp-json\/wp\/v2\/media?parent=43"}],"curies":[{"name":"wp","href":"https:\/\/api.w.org\/{rel}","templated":true}]}}